{"id":4,"date":"2015-12-17T14:33:33","date_gmt":"2015-12-17T14:33:33","guid":{"rendered":"http:\/\/michelbenita.com\/fr\/?page_id=4"},"modified":"2020-10-01T17:22:23","modified_gmt":"2020-10-01T16:22:23","slug":"biographie","status":"publish","type":"page","link":"https:\/\/michelbenita.com\/fr\/biographie\/","title":{"rendered":"BIOGRAPHIE"},"content":{"rendered":"\t\t<div data-elementor-type=\"wp-page\" data-elementor-id=\"4\" class=\"elementor elementor-4\" data-elementor-post-type=\"page\">\n\t\t\t\t\t\t<section class=\"elementor-section elementor-top-section elementor-element elementor-element-69029343 elementor-section-full_width elementor-section-height-default elementor-section-height-default elementor-invisible\" data-id=\"69029343\" data-element_type=\"section\" data-settings=\"{&quot;background_background&quot;:&quot;classic&quot;,&quot;animation&quot;:&quot;fadeInUp&quot;,&quot;animation_delay&quot;:0}\">\n\t\t\t\t\t\t<div class=\"elementor-container elementor-column-gap-extended\">\n\t\t\t\t\t<div class=\"elementor-column elementor-col-100 elementor-top-column elementor-element elementor-element-49387aaf\" data-id=\"49387aaf\" data-element_type=\"column\">\n\t\t\t<div class=\"elementor-widget-wrap elementor-element-populated\">\n\t\t\t\t\t\t<div class=\"elementor-element elementor-element-b7c60ca elementor-widget elementor-widget-spacer\" data-id=\"b7c60ca\" data-element_type=\"widget\" data-widget_type=\"spacer.default\">\n\t\t\t\t<div class=\"elementor-widget-container\">\n\t\t\t\t\t<div class=\"elementor-spacer\">\n\t\t\t<div class=\"elementor-spacer-inner\"><\/div>\n\t\t<\/div>\n\t\t\t\t<\/div>\n\t\t\t\t<\/div>\n\t\t\t\t<div class=\"elementor-element elementor-element-55ef5381 elementor-widget elementor-widget-heading\" data-id=\"55ef5381\" data-element_type=\"widget\" data-widget_type=\"heading.default\">\n\t\t\t\t<div class=\"elementor-widget-container\">\n\t\t\t<h2 class=\"elementor-heading-title elementor-size-default\">BIOGRAPHIE<\/h2>\t\t<\/div>\n\t\t\t\t<\/div>\n\t\t\t\t<section class=\"elementor-section elementor-inner-section elementor-element elementor-element-a24ad7b elementor-section-boxed elementor-section-height-default elementor-section-height-default\" data-id=\"a24ad7b\" data-element_type=\"section\">\n\t\t\t\t\t\t<div class=\"elementor-container elementor-column-gap-default\">\n\t\t\t\t\t<div class=\"elementor-column elementor-col-33 elementor-inner-column elementor-element elementor-element-9e935bb\" data-id=\"9e935bb\" data-element_type=\"column\">\n\t\t\t<div class=\"elementor-widget-wrap\">\n\t\t\t\t\t\t\t<\/div>\n\t\t<\/div>\n\t\t\t\t<div class=\"elementor-column elementor-col-33 elementor-inner-column elementor-element elementor-element-d8fc3fb\" data-id=\"d8fc3fb\" data-element_type=\"column\">\n\t\t\t<div class=\"elementor-widget-wrap elementor-element-populated\">\n\t\t\t\t\t\t<div class=\"elementor-element elementor-element-086f2d5 animated-slow elementor-invisible elementor-widget elementor-widget-text-editor\" data-id=\"086f2d5\" data-element_type=\"widget\" data-settings=\"{&quot;_animation&quot;:&quot;fadeInUp&quot;}\" data-widget_type=\"text-editor.default\">\n\t\t\t\t<div class=\"elementor-widget-container\">\n\t\t\t\t\t\t\t<p style=\"text-align: left;\"><span style=\"color: #000000;\"><img fetchpriority=\"high\" decoding=\"async\" class=\"wp-image-2430 alignright\" src=\"https:\/\/michelbenita.com\/wp-content\/uploads\/2020\/09\/IMG_2663-1024x768.jpeg\" alt=\"\" width=\"372\" height=\"279\" \/><\/span><span style=\"color: #000000; text-align: justify;\">Dans le paysage du jazz europ\u00e9en, Michel Benita n\u2019est ni le plus v\u00e9h\u00e9ment, ni le plus envahissant des contrebassistes. La discr\u00e9tion est dans sa nature, l\u2019efficacit\u00e9 aussi. Certains parlent de droiture \u00e0 son \u00e9gard. Avec <b>Drastic et Ramblin\u2019<\/b>, il a ajout\u00e9 la surprise au rang de ses qualit\u00e9s. Il le confirme aujourd\u2019hui avec Ethics. Michel Benita n\u2019a envisag\u00e9 de vivre de son talent que lorsqu\u2019il a atteint la vingtaine. Install\u00e9 \u00e0 Paris au d\u00e9but des ann\u00e9es 1980, il a d\u00e8s lors tout fait pour se rattraper, et comme souvent chez ceux qui sont venus \u00e0 la musique sur le tard, son investissement l\u2019a conduit \u00e0 multiplier les exp\u00e9riences et \u00e0 trimballer son instrument aupr\u00e8s de tous ceux qui faisaient appel \u00e0 ses services. Le nom des jazzmen aupr\u00e8s desquels il a apport\u00e9 sa contrebasse dans ces ann\u00e9es forme un Who\u2019s Who du jazz qui se joue alors en France, o\u00f9 les l\u00e9gendes am\u00e9ricaines (Lee Konitz, Horace Parlan, Archie Shepp) c\u00f4toient les valeurs s\u00fbres europ\u00e9ennes (<b>Daniel Humair, Bobo Stenson, Enrico Pieranunzi)<\/b>. O\u00f9 les futurs amis de toujours (<b>Peter Erskine, Nguy\u00ean L\u00ea, Aldo Romano<\/b>) se m\u00ealent aux gigs d\u2019un soir avec des musiciens de passage.<\/span><span style=\"color: #000000;\"><br \/><\/span><\/p><p class=\"paragraph_style\" style=\"text-align: justify;\"><span style=\"color: #000000;\">Rude \u00e9cole, belle \u00e9cole, de club en club et sur la route, qui a lib\u00e9r\u00e9 ses doigts des contraintes de la technique, et lui a valu d\u2019\u00eatre consid\u00e9r\u00e9 comme l\u2019un des contrebassistes les plus prometteurs. C\u2019est tout naturellement qu\u2019il int\u00e9gra les rangs du premier <b>Orchestre National de Jazz<\/b>, qui sous la houlette de Fran\u00e7ois Jeanneau, rassemblait, en 1986, la fine fleur d\u2019une nouvelle g\u00e9n\u00e9ration de musiciens hexagonaux. De cette \u00e9poque datent des amiti\u00e9s qui n\u2019ont pas fini d\u2019engendrer de la belle musique : la pianiste italienne <b>Rita Marcotulli<\/b>, qu\u2019il invita en 87 \u00e0 participer \u00e0 son premier quartet, aupr\u00e8s de <b>Dewey Redman<\/b>, g\u00e9ant m\u00e9sestim\u00e9, ancien compagnon d\u2019Ornette Coleman (deux albums); Aldo Romano, le batteur avec lequel il forme un tandem de pr\u00e9dilection aux nombreuses histoires, dont, depuis 1995, le groupe Palatino, avec Paolo Fresu et Glenn Ferris, n\u2019est pas la moins belle (trois disques). <b>Marc Ducret<\/b>, d\u2019abord au sein d\u2019un trio qui r\u00e9v\u00e9la le talent du guitariste, puis au c\u0153ur de Seven Songs From The Sixties, tentet mythique o\u00f9 \u00e9clatait sa d\u00e9mesure ; le batteur <b>Peter Erskine<\/b>, encore, avec lequel il forme le trio <b>ELB<\/b> que compl\u00e8te <b>Nguyen L\u00ea,<\/b> qui l\u2019avait invit\u00e9 auparavant \u00e0 raconter ses Tales From Vietnam (ACT).<\/span><\/p><p class=\"paragraph_style\" style=\"text-align: justify;\"><span style=\"color: #000000;\">Mais pour lui, la musique ne s\u2019arr\u00eate pas \u00e0 la contrebasse et Michel Benita s\u2019est engag\u00e9 dans des aventures qui montrent un temp\u00e9rament ouvert aux tentatives en qu\u00eate de sensations in\u00e9dites. Quels que soient les groupes par lesquels il passe, il apporte la pr\u00e9sence d\u2019une sonorit\u00e9 ronde, assur\u00e9e et m\u00e9lodieuse, qui doit autant \u00e0 Scott LaFaro pour le raffinement qu\u2019\u00e0 Charlie Haden pour sa simplicit\u00e9, sans oublier l\u2019aplomb d\u2019un Dave Holland et ce cantabile des bassistes nordiques comme Palle Danielsson ou Anders Jormin..<\/span><\/p><p class=\"paragraph_style_1\" lang=\"--multilingual\" style=\"text-align: justify;\" xml:lang=\"--multilingual\"><span style=\"color: #000000;\">D\u2019abord en 1999, il revient avec le disque <b>Lower The Walls,<\/b> \u00e0 cette inclination naturelle au chant, \u00e0 la t\u00eate d\u2019un groupe dont le guitariste Sylvain Luc et le saxophoniste Andy Sheppard comprennent parfaitement l\u2019exigence de respiration, tandis que le chanteur David Linx apporte des parfums de folk et de pop qui rappellent l\u2019amour avou\u00e9 pour James Taylor, Joni Mitchell ou Bob Dylan. Ensuite, \u00e0 partir de 2001, au sein du groupe <b>Ladyland<\/b> form\u00e9 par le trompettiste <b>Erik Truffaz<\/b>, qu\u2019il initie lui-m\u00eame aux rythmes nouveaux de la drum \u2018n bass, de l\u2019ambient, et des musiques \u00e9lectroniques en g\u00e9n\u00e9ral (Mantis, Blue Note) vers lequel l\u2019attirent non seulement sa soif de nouveaut\u00e9 mais aussi son int\u00e9r\u00eat pour les libert\u00e9s du home-studio.<\/span><\/p><p class=\"paragraph_style_1\" lang=\"--multilingual\" style=\"text-align: justify;\" xml:lang=\"--multilingual\"><span style=\"color: #000000;\">Enfin, en formant un nouveau trio avec le saxophoniste Ga\u00ebl Horellou et le batteur <b>Philippe Garcia,<\/b> deux musiciens plus jeunes issus du Collectif Mu et co-leaders du groupe \u00e9lectro Cosmik Connection, il trouve encore le temps de signer les bandes-son de plusieurs films documentaires. S\u2019il reste fid\u00e8le \u00e0 des formes traditionnelles comme dans le trio du pianiste am\u00e9ricain Ronnie Lynn Patterson ou dans le Newance Quartet de Glenn Ferris, Michel Benita a d\u00e9sormais les oreilles tourn\u00e9es vers l\u2019exp\u00e9rimentation et la transdisciplinarit\u00e9, qu\u2019il pratique depuis 1996 en qualit\u00e9 de compositeur f\u00e9tiche de <b>Hilton McConnico<\/b>, styliste, d\u00e9corateur, photographe, designer, sc\u00e9nographe attitr\u00e9 de la maison Herm\u00e8s, pour le compte duquel il a d\u00e9j\u00e0 r\u00e9alis\u00e9 cinq musiques d\u2019exposition ou de d\u00e9fil\u00e9, en France et au Japon. A l\u2019aube de ses cinquante ans, son nouveau projet, <b>Translate<\/b>, le voit franchir une \u00e9tape d\u00e9cisive qui lui redonne \u00e0 la fois le frisson de la cr\u00e9ation et le contact avec un nouveau public.<\/span><\/p><p class=\"paragraph_style_1\" lang=\"--multilingual\" style=\"text-align: justify;\" xml:lang=\"--multilingual\"><span style=\"color: #000000;\">En 2009, sa rencontre d\u00e9cisive avec <b>Mieko Miyazaki<\/b>, charismatique joueuse de koto originaire de Tokyo, le porte vers un nouveau projet, tout d\u2019abord en duo, puis rejoint par le guitariste norv\u00e9gien Eivind Aarset, le trompettiste suisse <b>Matthieu Michel<\/b> et le batteur <b>Philippe Garcia<\/b>, complice habituel des aventures avec Erik Truffaz. Le CD <b>Ethics<\/b>, sorti en 2010, t\u00e9moigne de cette volont\u00e9 d\u2019asseoir une \u00c9thique de la musique qui s\u2019appuie sur le partage, l\u2019ouverture et le go\u00fbt de l\u2019exp\u00e9rimentation.<\/span><\/p><p class=\"paragraph_style_1\" lang=\"--multilingual\" style=\"text-align: justify;\" xml:lang=\"--multilingual\"><span style=\"color: #000000;\">L\u2019ann\u00e9e 2012 verra la sortie de deux albums majeurs dans sa carri\u00e8re. Tout d\u2019abord un double CD live du groupe <b>Palatino<\/b> (Romano, Ferris, Fresu), reform\u00e9 pour un concert \u00e0 Grenoble (MC2). Ensuite son premier album sur le label <b>ECM<\/b>, avec le trio Libero, initi\u00e9 par le saxophoniste anglais <b>Andy Sheppard<\/b> et avec le batteur <b>Sebastian Rochford<\/b>.<\/span><\/p><p class=\"paragraph_style_1\" lang=\"--multilingual\" style=\"text-align: justify;\" xml:lang=\"--multilingual\"><span style=\"color: #000000;\">En 2013-2014, il tourne avec l\u2019accord\u00e9oniste prodige <b>Vincent Peirani<\/b> et le pianiste allemand <b>Michael Wollny<\/b> (album Thrill Box, ACT). Puis participe au nouvel album d\u2019Andy Sheppard Surrounded by Sea (ECM).<\/span><\/p><p class=\"paragraph_style_1\" lang=\"--multilingual\" style=\"text-align: justify;\" xml:lang=\"--multilingual\"><span style=\"color: #000000;\">2015 : <b>Enregistrement du premier album d\u2019Ethics pour ECM, \u00ab\u00a0River Silver\u00a0\u00bb<\/b>, produit par <b>Manfred Eicher<\/b>, dans l\u2019auditorium Stelio Molo RSI \u00e0 Lugano.<\/span><\/p><p><span style=\"color: #000000;\">2018 : Troisi\u00e8me album sur ECM en tant que membre du quartet d&rsquo;Andy Sheppard, \u00ab\u00a0<b>Romaria<\/b>\u00ab\u00a0. L&rsquo;album est la quatri\u00e8me collaboration de Michel Benita avec la label ECM.<\/span><\/p><p><span style=\"color: #000000;\"><strong>2020 : Deuxi\u00e8me\u00a0 album ECM en tant que leader, \u00ab\u00a0Looking At Sounds\u00a0\u00bb. Outre Matthieu Michel et Philippe Garcia, tous deux d\u00e9j\u00e0 membres du groupe Ethics, le quartet accueille le pianiste belge Jozef Dumoulin, au Fender Rhodes &amp; FX. L&rsquo;album a \u00e9t\u00e9 enregistr\u00e9 \u00e0 la Buissonne (FR) en 2019 et produit par Steve Lake. <em>Sortie le 18 septembre 2020.<\/em><\/strong><\/span><\/p><p class=\"paragraph_style_1\" lang=\"--multilingual\" style=\"text-align: justify;\" xml:lang=\"--multilingual\"><span style=\"color: #000000;\"><strong>Nomm\u00e9 Officier des Arts et des Lettres en 2015.<\/strong><\/span><\/p>\t\t\t\t\t\t<\/div>\n\t\t\t\t<\/div>\n\t\t\t\t\t<\/div>\n\t\t<\/div>\n\t\t\t\t<div class=\"elementor-column elementor-col-33 elementor-inner-column elementor-element elementor-element-57c6928\" data-id=\"57c6928\" data-element_type=\"column\">\n\t\t\t<div class=\"elementor-widget-wrap\">\n\t\t\t\t\t\t\t<\/div>\n\t\t<\/div>\n\t\t\t\t\t<\/div>\n\t\t<\/section>\n\t\t\t\t\t<\/div>\n\t\t<\/div>\n\t\t\t\t\t<\/div>\n\t\t<\/section>\n\t\t\t\t<\/div>\n\t\t","protected":false},"excerpt":{"rendered":"<p>BIOGRAPHIE Dans le paysage du jazz europ\u00e9en, Michel Benita n\u2019est ni le plus v\u00e9h\u00e9ment, ni le plus envahissant des contrebassistes. La discr\u00e9tion est dans sa nature, l\u2019efficacit\u00e9 aussi. Certains parlent&#8230;<\/p>\n<div class=\"more-link-wrapper\"><a class=\"more-link\" href=\"https:\/\/michelbenita.com\/fr\/biographie\/\">Lire la suite<span class=\"screen-reader-text\">BIOGRAPHIE<\/span><\/a><\/div>\n","protected":false},"author":1,"featured_media":0,"parent":0,"menu_order":0,"comment_status":"closed","ping_status":"closed","template":"elementor_header_footer","meta":{"footnotes":""},"class_list":["post-4","page","type-page","status-publish","hentry","ratio-natural","excerpt"],"_links":{"self":[{"href":"https:\/\/michelbenita.com\/fr\/wp-json\/wp\/v2\/pages\/4"}],"collection":[{"href":"https:\/\/michelbenita.com\/fr\/wp-json\/wp\/v2\/pages"}],"about":[{"href":"https:\/\/michelbenita.com\/fr\/wp-json\/wp\/v2\/types\/page"}],"author":[{"embeddable":true,"href":"https:\/\/michelbenita.com\/fr\/wp-json\/wp\/v2\/users\/1"}],"replies":[{"embeddable":true,"href":"https:\/\/michelbenita.com\/fr\/wp-json\/wp\/v2\/comments?post=4"}],"version-history":[{"count":0,"href":"https:\/\/michelbenita.com\/fr\/wp-json\/wp\/v2\/pages\/4\/revisions"}],"wp:attachment":[{"href":"https:\/\/michelbenita.com\/fr\/wp-json\/wp\/v2\/media?parent=4"}],"curies":[{"name":"wp","href":"https:\/\/api.w.org\/{rel}","templated":true}]}}