{"id":401,"date":"2016-01-06T16:29:05","date_gmt":"2016-01-06T15:29:05","guid":{"rendered":"http:\/\/michelbenita.com\/fr\/?page_id=401"},"modified":"2020-10-03T12:07:16","modified_gmt":"2020-10-03T11:07:16","slug":"photos","status":"publish","type":"page","link":"https:\/\/michelbenita.com\/fr\/photos\/","title":{"rendered":"PHOTOS"},"content":{"rendered":"\t\t<div data-elementor-type=\"wp-page\" data-elementor-id=\"401\" class=\"elementor elementor-401\" data-elementor-post-type=\"page\">\n\t\t\t\t\t\t<section class=\"elementor-section elementor-top-section elementor-element elementor-element-709b464a elementor-section-boxed elementor-section-height-default elementor-section-height-default elementor-invisible\" data-id=\"709b464a\" data-element_type=\"section\" data-settings=\"{&quot;animation&quot;:&quot;fadeInUp&quot;}\">\n\t\t\t\t\t\t<div class=\"elementor-container elementor-column-gap-default\">\n\t\t\t\t\t<div class=\"elementor-column elementor-col-100 elementor-top-column elementor-element elementor-element-53919718\" data-id=\"53919718\" data-element_type=\"column\">\n\t\t\t<div class=\"elementor-widget-wrap elementor-element-populated\">\n\t\t\t\t\t\t<div class=\"elementor-element elementor-element-192b8b99 elementor-widget elementor-widget-spacer\" data-id=\"192b8b99\" data-element_type=\"widget\" data-widget_type=\"spacer.default\">\n\t\t\t\t<div class=\"elementor-widget-container\">\n\t\t\t\t\t<div class=\"elementor-spacer\">\n\t\t\t<div class=\"elementor-spacer-inner\"><\/div>\n\t\t<\/div>\n\t\t\t\t<\/div>\n\t\t\t\t<\/div>\n\t\t\t\t<div class=\"elementor-element elementor-element-6f29a316 elementor-widget elementor-widget-heading\" data-id=\"6f29a316\" data-element_type=\"widget\" data-widget_type=\"heading.default\">\n\t\t\t\t<div class=\"elementor-widget-container\">\n\t\t\t<h2 class=\"elementor-heading-title elementor-size-default\">PHOTOS<\/h2>\t\t<\/div>\n\t\t\t\t<\/div>\n\t\t\t\t<div class=\"elementor-element elementor-element-3b533bc8 elementor-widget elementor-widget-spacer\" data-id=\"3b533bc8\" data-element_type=\"widget\" data-widget_type=\"spacer.default\">\n\t\t\t\t<div class=\"elementor-widget-container\">\n\t\t\t\t\t<div class=\"elementor-spacer\">\n\t\t\t<div class=\"elementor-spacer-inner\"><\/div>\n\t\t<\/div>\n\t\t\t\t<\/div>\n\t\t\t\t<\/div>\n\t\t\t\t\t<\/div>\n\t\t<\/div>\n\t\t\t\t\t<\/div>\n\t\t<\/section>\n\t\t\t\t<section class=\"elementor-section elementor-top-section elementor-element elementor-element-281c0b21 elementor-section-boxed elementor-section-height-default elementor-section-height-default elementor-invisible\" data-id=\"281c0b21\" data-element_type=\"section\" data-settings=\"{&quot;animation&quot;:&quot;fadeInUp&quot;}\">\n\t\t\t\t\t\t<div class=\"elementor-container elementor-column-gap-default\">\n\t\t\t\t\t<div class=\"elementor-column elementor-col-100 elementor-top-column elementor-element elementor-element-54730efa\" data-id=\"54730efa\" data-element_type=\"column\">\n\t\t\t<div class=\"elementor-widget-wrap elementor-element-populated\">\n\t\t\t\t\t\t<div class=\"elementor-element elementor-element-1a8012f7 animated-slow elementor-skin-carousel elementor-arrows-yes elementor-pagination-type-bullets elementor-pagination-position-outside elementor-invisible elementor-widget elementor-widget-media-carousel\" data-id=\"1a8012f7\" data-element_type=\"widget\" data-settings=\"{&quot;_animation&quot;:&quot;fadeInUp&quot;,&quot;skin&quot;:&quot;carousel&quot;,&quot;effect&quot;:&quot;slide&quot;,&quot;show_arrows&quot;:&quot;yes&quot;,&quot;pagination&quot;:&quot;bullets&quot;,&quot;speed&quot;:500,&quot;loop&quot;:&quot;yes&quot;,&quot;space_between&quot;:{&quot;unit&quot;:&quot;px&quot;,&quot;size&quot;:10,&quot;sizes&quot;:[]},&quot;space_between_tablet&quot;:{&quot;unit&quot;:&quot;px&quot;,&quot;size&quot;:10,&quot;sizes&quot;:[]},&quot;space_between_mobile&quot;:{&quot;unit&quot;:&quot;px&quot;,&quot;size&quot;:10,&quot;sizes&quot;:[]}}\" data-widget_type=\"media-carousel.default\">\n\t\t\t\t<div class=\"elementor-widget-container\">\n\t\t\t\t\t<div class=\"elementor-swiper\">\n\t\t\t<div class=\"elementor-main-swiper swiper\">\n\t\t\t\t<div class=\"swiper-wrapper\">\n\t\t\t\t\t\t\t\t\t\t\t<div class=\"swiper-slide\">\n\t\t\t\t\t\t\t<a href=\"https:\/\/michelbenita.com\/fr\/wp-content\/uploads\/2020\/09\/IMG_2663-scaled-e1600597609533.jpeg\" data-elementor-open-lightbox=\"yes\" data-elementor-lightbox-slideshow=\"1a8012f7\" data-elementor-lightbox-title=\"Portrait \u00a9 Val\u00e9rie Lenders\" data-e-action-hash=\"#elementor-action%3Aaction%3Dlightbox%26settings%3DeyJpZCI6MTA3OSwidXJsIjoiaHR0cHM6XC9cL21pY2hlbGJlbml0YS5jb21cL2ZyXC93cC1jb250ZW50XC91cGxvYWRzXC8yMDIwXC8wOVwvSU1HXzI2NjMtc2NhbGVkLWUxNjAwNTk3NjA5NTMzLmpwZWciLCJzbGlkZXNob3ciOiIxYTgwMTJmNyJ9\">\t\t<div class=\"elementor-carousel-image\" role=\"img\" aria-label=\"Portrait \u00a9 Val\u00e9rie Lenders\" style=\"background-image: url(&#039;https:\/\/michelbenita.com\/fr\/wp-content\/uploads\/2020\/09\/IMG_2663-scaled-e1600597609533.jpeg&#039;)\">\n\n\t\t\t\n\t\t\t\t\t<\/div>\n\t\t<\/a>\t\t\t\t\t\t<\/div>\n\t\t\t\t\t\t\t\t\t\t\t<div class=\"swiper-slide\">\n\t\t\t\t\t\t\t<a href=\"https:\/\/michelbenita.com\/fr\/wp-content\/uploads\/2020\/09\/JBM-2444\u00a9Jean-Baptiste-Millot.jpg\" data-elementor-open-lightbox=\"yes\" data-elementor-lightbox-slideshow=\"1a8012f7\" data-elementor-lightbox-title=\"JBM-2444\u00a9Jean-Baptiste-Millot.jpg\" data-e-action-hash=\"#elementor-action%3Aaction%3Dlightbox%26settings%3DeyJpZCI6MTEyMiwidXJsIjoiaHR0cHM6XC9cL21pY2hlbGJlbml0YS5jb21cL2ZyXC93cC1jb250ZW50XC91cGxvYWRzXC8yMDIwXC8wOVwvSkJNLTI0NDRcdTAwYTlKZWFuLUJhcHRpc3RlLU1pbGxvdC5qcGciLCJzbGlkZXNob3ciOiIxYTgwMTJmNyJ9\">\t\t<div class=\"elementor-carousel-image\" role=\"img\" aria-label=\"JBM-2444\u00a9Jean-Baptiste-Millot.jpg\" style=\"background-image: url(&#039;https:\/\/michelbenita.com\/fr\/wp-content\/uploads\/2020\/09\/JBM-2444\u00a9Jean-Baptiste-Millot.jpg&#039;)\">\n\n\t\t\t\n\t\t\t\t\t<\/div>\n\t\t<\/a>\t\t\t\t\t\t<\/div>\n\t\t\t\t\t\t\t\t\t\t\t<div class=\"swiper-slide\">\n\t\t\t\t\t\t\t<a href=\"https:\/\/michelbenita.com\/fr\/wp-content\/uploads\/2020\/09\/JBM-2383\u00a9Jean-Baptiste-Millot.jpg\" data-elementor-open-lightbox=\"yes\" data-elementor-lightbox-slideshow=\"1a8012f7\" data-elementor-lightbox-title=\"JBM-2383\u00a9Jean-Baptiste-Millot.jpg\" data-e-action-hash=\"#elementor-action%3Aaction%3Dlightbox%26settings%3DeyJpZCI6MTEyMywidXJsIjoiaHR0cHM6XC9cL21pY2hlbGJlbml0YS5jb21cL2ZyXC93cC1jb250ZW50XC91cGxvYWRzXC8yMDIwXC8wOVwvSkJNLTIzODNcdTAwYTlKZWFuLUJhcHRpc3RlLU1pbGxvdC5qcGciLCJzbGlkZXNob3ciOiIxYTgwMTJmNyJ9\">\t\t<div class=\"elementor-carousel-image\" role=\"img\" aria-label=\"JBM-2383\u00a9Jean-Baptiste-Millot.jpg\" style=\"background-image: url(&#039;https:\/\/michelbenita.com\/fr\/wp-content\/uploads\/2020\/09\/JBM-2383\u00a9Jean-Baptiste-Millot.jpg&#039;)\">\n\n\t\t\t\n\t\t\t\t\t<\/div>\n\t\t<\/a>\t\t\t\t\t\t<\/div>\n\t\t\t\t\t\t\t\t\t\t\t<div class=\"swiper-slide\">\n\t\t\t\t\t\t\t<a href=\"https:\/\/michelbenita.com\/fr\/wp-content\/uploads\/2020\/09\/JBM-1469\u220fJean-Baptiste-Millot.jpg\" data-elementor-open-lightbox=\"yes\" data-elementor-lightbox-slideshow=\"1a8012f7\" data-elementor-lightbox-title=\"JBM-1469\u220fJean-Baptiste-Millot.jpg\" data-e-action-hash=\"#elementor-action%3Aaction%3Dlightbox%26settings%3DeyJpZCI6MTEyNCwidXJsIjoiaHR0cHM6XC9cL21pY2hlbGJlbml0YS5jb21cL2ZyXC93cC1jb250ZW50XC91cGxvYWRzXC8yMDIwXC8wOVwvSkJNLTE0NjlcdTIyMGZKZWFuLUJhcHRpc3RlLU1pbGxvdC5qcGciLCJzbGlkZXNob3ciOiIxYTgwMTJmNyJ9\">\t\t<div class=\"elementor-carousel-image\" role=\"img\" aria-label=\"JBM-1469\u220fJean-Baptiste-Millot.jpg\" style=\"background-image: url(&#039;https:\/\/michelbenita.com\/fr\/wp-content\/uploads\/2020\/09\/JBM-1469\u220fJean-Baptiste-Millot.jpg&#039;)\">\n\n\t\t\t\n\t\t\t\t\t<\/div>\n\t\t<\/a>\t\t\t\t\t\t<\/div>\n\t\t\t\t\t\t\t\t\t\t\t<div class=\"swiper-slide\">\n\t\t\t\t\t\t\t\t\t<div class=\"elementor-carousel-image\" role=\"img\" aria-label=\"JBM-1559\u220fJean-Baptiste-Millot-1.jpg\" style=\"background-image: url(&#039;https:\/\/michelbenita.com\/fr\/wp-content\/uploads\/2020\/09\/JBM-1559\u220fJean-Baptiste-Millot-1.jpg&#039;)\">\n\n\t\t\t\n\t\t\t\t\t<\/div>\n\t\t\t\t\t\t\t\t<\/div>\n\t\t\t\t\t\t\t\t\t\t\t<div class=\"swiper-slide\">\n\t\t\t\t\t\t\t<a href=\"https:\/\/michelbenita.com\/fr\/wp-content\/uploads\/2020\/09\/IMG_3290-3-scaled-e1600597585451.jpeg\" data-elementor-open-lightbox=\"yes\" data-elementor-lightbox-slideshow=\"1a8012f7\" data-elementor-lightbox-title=\"Portrait \u00a9 Claire Le Baron\" data-e-action-hash=\"#elementor-action%3Aaction%3Dlightbox%26settings%3DeyJpZCI6MTQ0MSwidXJsIjoiaHR0cHM6XC9cL21pY2hlbGJlbml0YS5jb21cL2ZyXC93cC1jb250ZW50XC91cGxvYWRzXC8yMDIwXC8wOVwvSU1HXzMyOTAtMy1zY2FsZWQtZTE2MDA1OTc1ODU0NTEuanBlZyIsInNsaWRlc2hvdyI6IjFhODAxMmY3In0%3D\">\t\t<div class=\"elementor-carousel-image\" role=\"img\" aria-label=\"Portrait \u00a9 Claire Le Baron\" style=\"background-image: url(&#039;https:\/\/michelbenita.com\/fr\/wp-content\/uploads\/2020\/09\/IMG_3290-3-scaled-e1600597585451.jpeg&#039;)\">\n\n\t\t\t\n\t\t\t\t\t<\/div>\n\t\t<\/a>\t\t\t\t\t\t<\/div>\n\t\t\t\t\t\t\t\t\t<\/div>\n\t\t\t\t\t\t\t\t\t\t\t\t\t\t\t<div class=\"swiper-pagination\"><\/div>\n\t\t\t\t\t\t\t\t\t\t\t\t\t\t\t\t<div class=\"elementor-swiper-button elementor-swiper-button-prev\" role=\"button\" tabindex=\"0\">\n\t\t\t\t\t\t\t<i aria-hidden=\"true\" class=\"eicon-chevron-left\"><\/i>\t\t\t\t\t\t\t<span class=\"elementor-screen-only\">Pr\u00e9c\u00e9dent<\/span>\n\t\t\t\t\t\t<\/div>\n\t\t\t\t\t\t<div class=\"elementor-swiper-button elementor-swiper-button-next\" role=\"button\" tabindex=\"0\">\n\t\t\t\t\t\t\t<i aria-hidden=\"true\" class=\"eicon-chevron-right\"><\/i>\t\t\t\t\t\t\t<span class=\"elementor-screen-only\">Suivant<\/span>\n\t\t\t\t\t\t<\/div>\n\t\t\t\t\t\t\t\t\t\t\t\t<\/div>\n\t\t<\/div>\n\t\t\t\t<\/div>\n\t\t\t\t<\/div>\n\t\t\t\t<div class=\"elementor-element elementor-element-1e0376ea elementor-widget elementor-widget-spacer\" data-id=\"1e0376ea\" data-element_type=\"widget\" data-settings=\"{&quot;_animation&quot;:&quot;none&quot;}\" data-widget_type=\"spacer.default\">\n\t\t\t\t<div class=\"elementor-widget-container\">\n\t\t\t\t\t<div class=\"elementor-spacer\">\n\t\t\t<div class=\"elementor-spacer-inner\"><\/div>\n\t\t<\/div>\n\t\t\t\t<\/div>\n\t\t\t\t<\/div>\n\t\t\t\t<section class=\"elementor-section elementor-inner-section elementor-element elementor-element-8991bf1 animated-slow elementor-section-boxed elementor-section-height-default elementor-section-height-default elementor-invisible\" data-id=\"8991bf1\" data-element_type=\"section\" data-settings=\"{&quot;animation&quot;:&quot;fadeInUp&quot;}\">\n\t\t\t\t\t\t<div class=\"elementor-container elementor-column-gap-default\">\n\t\t\t\t\t<div class=\"elementor-column elementor-col-100 elementor-inner-column elementor-element elementor-element-6c8406d\" data-id=\"6c8406d\" data-element_type=\"column\">\n\t\t\t<div class=\"elementor-widget-wrap elementor-element-populated\">\n\t\t\t\t\t\t<div class=\"elementor-element elementor-element-1a862cc7 elementor-skin-carousel elementor-arrows-yes elementor-pagination-type-bullets elementor-pagination-position-outside elementor-widget elementor-widget-media-carousel\" data-id=\"1a862cc7\" data-element_type=\"widget\" data-settings=\"{&quot;_animation&quot;:&quot;none&quot;,&quot;skin&quot;:&quot;carousel&quot;,&quot;effect&quot;:&quot;slide&quot;,&quot;show_arrows&quot;:&quot;yes&quot;,&quot;pagination&quot;:&quot;bullets&quot;,&quot;speed&quot;:500,&quot;loop&quot;:&quot;yes&quot;,&quot;space_between&quot;:{&quot;unit&quot;:&quot;px&quot;,&quot;size&quot;:10,&quot;sizes&quot;:[]},&quot;space_between_tablet&quot;:{&quot;unit&quot;:&quot;px&quot;,&quot;size&quot;:10,&quot;sizes&quot;:[]},&quot;space_between_mobile&quot;:{&quot;unit&quot;:&quot;px&quot;,&quot;size&quot;:10,&quot;sizes&quot;:[]}}\" data-widget_type=\"media-carousel.default\">\n\t\t\t\t<div class=\"elementor-widget-container\">\n\t\t\t\t\t<div class=\"elementor-swiper\">\n\t\t\t<div class=\"elementor-main-swiper swiper\">\n\t\t\t\t<div class=\"swiper-wrapper\">\n\t\t\t\t\t\t\t\t\t\t\t<div class=\"swiper-slide\">\n\t\t\t\t\t\t\t<a href=\"https:\/\/michelbenita.com\/fr\/wp-content\/uploads\/2020\/09\/Ethics_Band.jpeg\" data-elementor-open-lightbox=\"yes\" data-elementor-lightbox-slideshow=\"1a862cc7\" data-elementor-lightbox-title=\"Ethics Band\" data-e-action-hash=\"#elementor-action%3Aaction%3Dlightbox%26settings%3DeyJpZCI6MTEyNiwidXJsIjoiaHR0cHM6XC9cL21pY2hlbGJlbml0YS5jb21cL2ZyXC93cC1jb250ZW50XC91cGxvYWRzXC8yMDIwXC8wOVwvRXRoaWNzX0JhbmQuanBlZyIsInNsaWRlc2hvdyI6IjFhODYyY2M3In0%3D\">\t\t<div class=\"elementor-carousel-image\" role=\"img\" aria-label=\"Ethics Band\" style=\"background-image: url(&#039;https:\/\/michelbenita.com\/fr\/wp-content\/uploads\/2020\/09\/Ethics_Band.jpeg&#039;)\">\n\n\t\t\t\n\t\t\t\t\t<\/div>\n\t\t<\/a>\t\t\t\t\t\t<\/div>\n\t\t\t\t\t\t\t\t\t\t\t<div class=\"swiper-slide\">\n\t\t\t\t\t\t\t<a href=\"https:\/\/michelbenita.com\/fr\/wp-content\/uploads\/2020\/09\/12540824_1145612678783301_475923634774714662_n.jpg\" data-elementor-open-lightbox=\"yes\" data-elementor-lightbox-slideshow=\"1a862cc7\" data-elementor-lightbox-title=\"Ethics - Mieko Miyazaki\" data-e-action-hash=\"#elementor-action%3Aaction%3Dlightbox%26settings%3DeyJpZCI6MTEyNywidXJsIjoiaHR0cHM6XC9cL21pY2hlbGJlbml0YS5jb21cL2ZyXC93cC1jb250ZW50XC91cGxvYWRzXC8yMDIwXC8wOVwvMTI1NDA4MjRfMTE0NTYxMjY3ODc4MzMwMV80NzU5MjM2MzQ3NzQ3MTQ2NjJfbi5qcGciLCJzbGlkZXNob3ciOiIxYTg2MmNjNyJ9\">\t\t<div class=\"elementor-carousel-image\" role=\"img\" aria-label=\"Ethics - Mieko Miyazaki\" style=\"background-image: url(&#039;https:\/\/michelbenita.com\/fr\/wp-content\/uploads\/2020\/09\/12540824_1145612678783301_475923634774714662_n.jpg&#039;)\">\n\n\t\t\t\n\t\t\t\t\t<\/div>\n\t\t<\/a>\t\t\t\t\t\t<\/div>\n\t\t\t\t\t\t\t\t\t\t\t<div class=\"swiper-slide\">\n\t\t\t\t\t\t\t<a href=\"https:\/\/michelbenita.com\/fr\/wp-content\/uploads\/2020\/09\/12573096_1145612478783321_5887050981529300101_n.jpg\" data-elementor-open-lightbox=\"yes\" data-elementor-lightbox-slideshow=\"1a862cc7\" data-elementor-lightbox-title=\"Ethics - Michel Benita\" data-e-action-hash=\"#elementor-action%3Aaction%3Dlightbox%26settings%3DeyJpZCI6MTEyOCwidXJsIjoiaHR0cHM6XC9cL21pY2hlbGJlbml0YS5jb21cL2ZyXC93cC1jb250ZW50XC91cGxvYWRzXC8yMDIwXC8wOVwvMTI1NzMwOTZfMTE0NTYxMjQ3ODc4MzMyMV81ODg3MDUwOTgxNTI5MzAwMTAxX24uanBnIiwic2xpZGVzaG93IjoiMWE4NjJjYzcifQ%3D%3D\">\t\t<div class=\"elementor-carousel-image\" role=\"img\" aria-label=\"Ethics - Michel Benita\" style=\"background-image: url(&#039;https:\/\/michelbenita.com\/fr\/wp-content\/uploads\/2020\/09\/12573096_1145612478783321_5887050981529300101_n.jpg&#039;)\">\n\n\t\t\t\n\t\t\t\t\t<\/div>\n\t\t<\/a>\t\t\t\t\t\t<\/div>\n\t\t\t\t\t\t\t\t\t\t\t<div class=\"swiper-slide\">\n\t\t\t\t\t\t\t<a href=\"https:\/\/michelbenita.com\/fr\/wp-content\/uploads\/2020\/09\/Ethics-salut-2.jpg\" data-elementor-open-lightbox=\"yes\" data-elementor-lightbox-slideshow=\"1a862cc7\" data-elementor-lightbox-title=\"Ethics live\" data-e-action-hash=\"#elementor-action%3Aaction%3Dlightbox%26settings%3DeyJpZCI6MTEyOSwidXJsIjoiaHR0cHM6XC9cL21pY2hlbGJlbml0YS5jb21cL2ZyXC93cC1jb250ZW50XC91cGxvYWRzXC8yMDIwXC8wOVwvRXRoaWNzLXNhbHV0LTIuanBnIiwic2xpZGVzaG93IjoiMWE4NjJjYzcifQ%3D%3D\">\t\t<div class=\"elementor-carousel-image\" role=\"img\" aria-label=\"Ethics live\" style=\"background-image: url(&#039;https:\/\/michelbenita.com\/fr\/wp-content\/uploads\/2020\/09\/Ethics-salut-2.jpg&#039;)\">\n\n\t\t\t\n\t\t\t\t\t<\/div>\n\t\t<\/a>\t\t\t\t\t\t<\/div>\n\t\t\t\t\t\t\t\t\t\t\t<div class=\"swiper-slide\">\n\t\t\t\t\t\t\t<a href=\"https:\/\/michelbenita.com\/fr\/wp-content\/uploads\/2020\/09\/Ramblin-pic-OK.jpg\" data-elementor-open-lightbox=\"yes\" data-elementor-lightbox-slideshow=\"1a862cc7\" data-elementor-lightbox-title=\"Ramblin - Manu Codjia, Michel Benita\" data-e-action-hash=\"#elementor-action%3Aaction%3Dlightbox%26settings%3DeyJpZCI6MTEzMCwidXJsIjoiaHR0cHM6XC9cL21pY2hlbGJlbml0YS5jb21cL2ZyXC93cC1jb250ZW50XC91cGxvYWRzXC8yMDIwXC8wOVwvUmFtYmxpbi1waWMtT0suanBnIiwic2xpZGVzaG93IjoiMWE4NjJjYzcifQ%3D%3D\">\t\t<div class=\"elementor-carousel-image\" role=\"img\" aria-label=\"Ramblin - Manu Codjia, Michel Benita\" style=\"background-image: url(&#039;https:\/\/michelbenita.com\/fr\/wp-content\/uploads\/2020\/09\/Ramblin-pic-OK.jpg&#039;)\">\n\n\t\t\t\n\t\t\t\t\t<\/div>\n\t\t<\/a>\t\t\t\t\t\t<\/div>\n\t\t\t\t\t\t\t\t\t\t\t<div class=\"swiper-slide\">\n\t\t\t\t\t\t\t<a href=\"https:\/\/michelbenita.com\/fr\/wp-content\/uploads\/2020\/09\/Quartet-2-2.jpeg\" data-elementor-open-lightbox=\"yes\" data-elementor-lightbox-slideshow=\"1a862cc7\" data-elementor-lightbox-title=\"Quartet &#039;Looking At Sounds&#039;\" data-e-action-hash=\"#elementor-action%3Aaction%3Dlightbox%26settings%3DeyJpZCI6MTEzMiwidXJsIjoiaHR0cHM6XC9cL21pY2hlbGJlbml0YS5jb21cL2ZyXC93cC1jb250ZW50XC91cGxvYWRzXC8yMDIwXC8wOVwvUXVhcnRldC0yLTIuanBlZyIsInNsaWRlc2hvdyI6IjFhODYyY2M3In0%3D\">\t\t<div class=\"elementor-carousel-image\" role=\"img\" aria-label=\"Quartet &#039;Looking At Sounds&#039;\" style=\"background-image: url(&#039;https:\/\/michelbenita.com\/fr\/wp-content\/uploads\/2020\/09\/Quartet-2-2.jpeg&#039;)\">\n\n\t\t\t\n\t\t\t\t\t<\/div>\n\t\t<\/a>\t\t\t\t\t\t<\/div>\n\t\t\t\t\t\t\t\t\t<\/div>\n\t\t\t\t\t\t\t\t\t\t\t\t\t\t\t<div class=\"swiper-pagination\"><\/div>\n\t\t\t\t\t\t\t\t\t\t\t\t\t\t\t\t<div class=\"elementor-swiper-button elementor-swiper-button-prev\" role=\"button\" tabindex=\"0\">\n\t\t\t\t\t\t\t<i aria-hidden=\"true\" class=\"eicon-chevron-left\"><\/i>\t\t\t\t\t\t\t<span class=\"elementor-screen-only\">Pr\u00e9c\u00e9dent<\/span>\n\t\t\t\t\t\t<\/div>\n\t\t\t\t\t\t<div class=\"elementor-swiper-button elementor-swiper-button-next\" role=\"button\" tabindex=\"0\">\n\t\t\t\t\t\t\t<i aria-hidden=\"true\" class=\"eicon-chevron-right\"><\/i>\t\t\t\t\t\t\t<span class=\"elementor-screen-only\">Suivant<\/span>\n\t\t\t\t\t\t<\/div>\n\t\t\t\t\t\t\t\t\t\t\t\t<\/div>\n\t\t<\/div>\n\t\t\t\t<\/div>\n\t\t\t\t<\/div>\n\t\t\t\t<div class=\"elementor-element elementor-element-617ad44 elementor-widget elementor-widget-spacer\" data-id=\"617ad44\" data-element_type=\"widget\" data-settings=\"{&quot;_animation&quot;:&quot;none&quot;}\" data-widget_type=\"spacer.default\">\n\t\t\t\t<div class=\"elementor-widget-container\">\n\t\t\t\t\t<div class=\"elementor-spacer\">\n\t\t\t<div class=\"elementor-spacer-inner\"><\/div>\n\t\t<\/div>\n\t\t\t\t<\/div>\n\t\t\t\t<\/div>\n\t\t\t\t\t<\/div>\n\t\t<\/div>\n\t\t\t\t\t<\/div>\n\t\t<\/section>\n\t\t\t\t\t<\/div>\n\t\t<\/div>\n\t\t\t\t\t<\/div>\n\t\t<\/section>\n\t\t\t\t<\/div>\n\t\t","protected":false},"excerpt":{"rendered":"<p>PHOTOS Pr\u00e9c\u00e9dent Suivant Pr\u00e9c\u00e9dent Suivant<\/p>\n","protected":false},"author":1,"featured_media":0,"parent":0,"menu_order":0,"comment_status":"closed","ping_status":"closed","template":"elementor_header_footer","meta":{"footnotes":""},"class_list":["post-401","page","type-page","status-publish","hentry","ratio-natural","excerpt"],"_links":{"self":[{"href":"https:\/\/michelbenita.com\/fr\/wp-json\/wp\/v2\/pages\/401"}],"collection":[{"href":"https:\/\/michelbenita.com\/fr\/wp-json\/wp\/v2\/pages"}],"about":[{"href":"https:\/\/michelbenita.com\/fr\/wp-json\/wp\/v2\/types\/page"}],"author":[{"embeddable":true,"href":"https:\/\/michelbenita.com\/fr\/wp-json\/wp\/v2\/users\/1"}],"replies":[{"embeddable":true,"href":"https:\/\/michelbenita.com\/fr\/wp-json\/wp\/v2\/comments?post=401"}],"version-history":[{"count":5,"href":"https:\/\/michelbenita.com\/fr\/wp-json\/wp\/v2\/pages\/401\/revisions"}],"predecessor-version":[{"id":1676,"href":"https:\/\/michelbenita.com\/fr\/wp-json\/wp\/v2\/pages\/401\/revisions\/1676"}],"wp:attachment":[{"href":"https:\/\/michelbenita.com\/fr\/wp-json\/wp\/v2\/media?parent=401"}],"curies":[{"name":"wp","href":"https:\/\/api.w.org\/{rel}","templated":true}]}}