{"id":9,"date":"2015-12-17T14:37:29","date_gmt":"2015-12-17T14:37:29","guid":{"rendered":"http:\/\/michelbenita.com\/fr\/?page_id=9"},"modified":"2020-10-07T20:48:45","modified_gmt":"2020-10-07T19:48:45","slug":"presse","status":"publish","type":"page","link":"https:\/\/michelbenita.com\/fr\/presse\/","title":{"rendered":"PRESSE"},"content":{"rendered":"\t\t<div data-elementor-type=\"wp-page\" data-elementor-id=\"9\" class=\"elementor elementor-9\" data-elementor-post-type=\"page\">\n\t\t\t\t\t\t<section class=\"elementor-section elementor-top-section elementor-element elementor-element-5dbeea6b elementor-section-full_width elementor-section-height-default elementor-section-height-default elementor-invisible\" data-id=\"5dbeea6b\" data-element_type=\"section\" data-settings=\"{&quot;background_background&quot;:&quot;classic&quot;,&quot;animation&quot;:&quot;fadeInUp&quot;}\">\n\t\t\t\t\t\t<div class=\"elementor-container elementor-column-gap-extended\">\n\t\t\t\t\t<div class=\"elementor-column elementor-col-100 elementor-top-column elementor-element elementor-element-1c1fff75\" data-id=\"1c1fff75\" data-element_type=\"column\">\n\t\t\t<div class=\"elementor-widget-wrap elementor-element-populated\">\n\t\t\t\t\t\t<div class=\"elementor-element elementor-element-bb65082 elementor-widget elementor-widget-spacer\" data-id=\"bb65082\" data-element_type=\"widget\" data-widget_type=\"spacer.default\">\n\t\t\t\t<div class=\"elementor-widget-container\">\n\t\t\t\t\t<div class=\"elementor-spacer\">\n\t\t\t<div class=\"elementor-spacer-inner\"><\/div>\n\t\t<\/div>\n\t\t\t\t<\/div>\n\t\t\t\t<\/div>\n\t\t\t\t<div class=\"elementor-element elementor-element-3a6536f elementor-widget elementor-widget-heading\" data-id=\"3a6536f\" data-element_type=\"widget\" data-widget_type=\"heading.default\">\n\t\t\t\t<div class=\"elementor-widget-container\">\n\t\t\t<h2 class=\"elementor-heading-title elementor-size-default\">PRESSE<\/h2>\t\t<\/div>\n\t\t\t\t<\/div>\n\t\t\t\t<section class=\"elementor-section elementor-inner-section elementor-element elementor-element-69e76ea elementor-section-boxed elementor-section-height-default elementor-section-height-default\" data-id=\"69e76ea\" data-element_type=\"section\">\n\t\t\t\t\t\t<div class=\"elementor-container elementor-column-gap-extended\">\n\t\t\t\t\t<div class=\"elementor-column elementor-col-25 elementor-inner-column elementor-element elementor-element-2e32dcb\" data-id=\"2e32dcb\" data-element_type=\"column\">\n\t\t\t<div class=\"elementor-widget-wrap\">\n\t\t\t\t\t\t\t<\/div>\n\t\t<\/div>\n\t\t\t\t<div class=\"elementor-column elementor-col-25 elementor-inner-column elementor-element elementor-element-95cf84b\" data-id=\"95cf84b\" data-element_type=\"column\">\n\t\t\t<div class=\"elementor-widget-wrap elementor-element-populated\">\n\t\t\t\t\t\t<div class=\"elementor-element elementor-element-4dfa71a animated-slow elementor-invisible elementor-widget elementor-widget-text-editor\" data-id=\"4dfa71a\" data-element_type=\"widget\" data-settings=\"{&quot;_animation&quot;:&quot;fadeInUp&quot;}\" data-widget_type=\"text-editor.default\">\n\t\t\t\t<div class=\"elementor-widget-container\">\n\t\t\t\t\t\t\t<p><a href=\"http:\/\/michelbenita.com\/Articles\/choc_2020.jpg\"><span style=\"color: #000000;\"><strong>Jazz Magazine &#8211; CHOC \/ Oct 2020<\/strong><\/span><\/a><br \/><span style=\"color: #000000;\"><em>&lsquo;Looking At Sounds&rsquo; est le premier grand classique ECM des ann\u00e9es 2020.\u00a0\u00bb<\/em><\/span><\/p><p><span style=\"color: #000000;\"><a style=\"color: #000000;\" href=\"https:\/\/michelbenita.com\/Articles\/River_review_JM.jpg\"><b>Jazz Magazine &#8211; CHOC \/ Feb 2016<\/b><\/a><br \/><em>\u00a0\u00bb River Silver&rsquo; refl\u00e8te avec brio les utopies universalistes d&rsquo;une des voix les plus pr\u00e9cieuses de la sc\u00e8ne musicale europ\u00e9enne.\u00a0\u00bb<\/em><\/span><\/p><p><span style=\"color: #000000;\"><a style=\"color: #000000;\" href=\"https:\/\/michelbenita.com\/Articles\/BlindTest_Dec_2015\" target=\"_blank\" rel=\"noopener\">Jazz Magazine Blindtest \/ Dec 2015<\/a><br \/><\/span><span style=\"color: #000000;\"><a style=\"color: #000000;\" href=\"https:\/\/michelbenita.com\/Articles\/LIBERO_Choc.jpg\">Jazz Magazine \/ Mars 2012<\/a><\/span><br \/><span style=\"color: #000000;\"><a style=\"color: #000000;\" href=\"http:\/\/michelbenita.com\/Articles\/Gentleman_Bassiste_2012.pdf\" target=\"_blank\" rel=\"noopener\">Jazz Magazine \/ Mars 2012<\/a><\/span><br \/><span style=\"color: #000000;\"><a style=\"color: #000000;\" href=\"http:\/\/www.guardian.co.uk\/music\/2012\/feb\/09\/trio-libero-review\">The Guardian \/ Feb 2012<\/a><\/span><br \/><span style=\"color: #000000;\"><a style=\"color: #000000;\" href=\"https:\/\/michelbenita.com\/Articles\/LIBERO_Jazzwise.jpg\">JazzWise \/ Feb 2012<\/a><\/span><br \/><span style=\"color: #000000;\"><a style=\"color: #000000;\" href=\"http:\/\/michelbenita.com\/Articles\/PALA_Choc.jpg\">Jazz Magazine \/ Dec 2011<\/a><\/span><br \/><span style=\"color: #000000;\"><a style=\"color: #000000;\" href=\"https:\/\/michelbenita.com\/Articles\/ETHICS_TELERAMA.jpg\">T\u00e9l\u00e9rama \/ Dec 2010<\/a><\/span><br \/><span style=\"color: #000000;\"><a style=\"color: #000000;\" href=\"https:\/\/michelbenita.com\/Articles\/Ethics_Choc_JazzMag.jpg\">Jazz Magazine &#8211; CHOC\u00a0 \/ Oct 2010<\/a><\/span><br \/><span style=\"color: #000000;\"><a style=\"color: #000000;\" href=\"https:\/\/michelbenita.com\/Articles\/ETHICS_BOITE_A_MUSIQUES.jpg\">Jazz Magazine \/ Nov 2010<\/a><\/span><br \/><span style=\"color: #000000;\"><a style=\"color: #000000;\" href=\"https:\/\/michelbenita.com\/Articles\/ETHICS_SOJAZZ.jpg\">So Jazz \/ Nov 2010<\/a><\/span><br \/><span style=\"color: #000000;\"><a style=\"color: #000000;\" href=\"https:\/\/michelbenita.com\/Articles\/ETHICS_LA VIE.jpg\">La Vie \/ Oct 2010<\/a><\/span><br \/><span style=\"color: #000000;\"><a style=\"color: #000000;\" href=\"https:\/\/michelbenita.com\/Articles\/ETHICS_LA VOIX DU NORD.jpg\">La Voix du Nord \/ Oct 2010<\/a><\/span><br \/><span style=\"color: #000000;\"><a style=\"color: #000000;\" href=\"https:\/\/michelbenita.com\/Articles\/ETHICS_LE QUOTIDIEN DU MEDECIN.jpg\">Le Quotidien du M\u00e9decin \/ Oct 2010<\/a><\/span><br \/><span style=\"color: #000000;\"><a style=\"color: #000000;\" href=\"https:\/\/michelbenita.com\/Articles\/ETHICS_HIFI VIDEO.jpg\">Hifi Video \/ Oct 2010<\/a><\/span><br \/><span style=\"color: #000000;\"><a style=\"color: #000000;\" href=\"https:\/\/michelbenita.com\/Articles\/Inrocks_08.jpg\">Les Inrockuptibles \/ Mars 2008<\/a><\/span><br \/><span style=\"color: #000000;\"><a style=\"color: #000000;\" href=\"https:\/\/michelbenita.com\/Articles\/jazzfm.com.pdf\" target=\"_blank\" rel=\"noopener\">JazzFM (UK) \/ 2006<\/a><\/span><br \/><span style=\"color: #000000;\"><a style=\"color: #000000;\" href=\"https:\/\/michelbenita.com\/Articles\/LeMonde_01_04.pdf\" target=\"_blank\" rel=\"noopener\">Le Monde \/ Jan 2004<\/a><\/span><\/p>\t\t\t\t\t\t<\/div>\n\t\t\t\t<\/div>\n\t\t\t\t\t<\/div>\n\t\t<\/div>\n\t\t\t\t<div class=\"elementor-column elementor-col-25 elementor-inner-column elementor-element elementor-element-226acae\" data-id=\"226acae\" data-element_type=\"column\">\n\t\t\t<div class=\"elementor-widget-wrap elementor-element-populated\">\n\t\t\t\t\t\t<div class=\"elementor-element elementor-element-0cda39b elementor-widget elementor-widget-spacer\" data-id=\"0cda39b\" data-element_type=\"widget\" data-widget_type=\"spacer.default\">\n\t\t\t\t<div class=\"elementor-widget-container\">\n\t\t\t\t\t<div class=\"elementor-spacer\">\n\t\t\t<div class=\"elementor-spacer-inner\"><\/div>\n\t\t<\/div>\n\t\t\t\t<\/div>\n\t\t\t\t<\/div>\n\t\t\t\t<div class=\"elementor-element elementor-element-209b7c1 elementor-widget elementor-widget-image\" data-id=\"209b7c1\" data-element_type=\"widget\" data-widget_type=\"image.default\">\n\t\t\t\t<div class=\"elementor-widget-container\">\n\t\t\t\t\t\t\t\t\t\t\t\t\t<img fetchpriority=\"high\" decoding=\"async\" width=\"1152\" height=\"1536\" src=\"https:\/\/michelbenita.com\/fr\/wp-content\/uploads\/2020\/09\/IMG_2682-scaled.jpeg\" class=\"attachment-1536x1536 size-1536x1536 wp-image-1148\" alt=\"\" srcset=\"https:\/\/michelbenita.com\/fr\/wp-content\/uploads\/2020\/09\/IMG_2682-scaled.jpeg 1920w, https:\/\/michelbenita.com\/fr\/wp-content\/uploads\/2020\/09\/IMG_2682-scaled-225x300.jpeg 225w, https:\/\/michelbenita.com\/fr\/wp-content\/uploads\/2020\/09\/IMG_2682-scaled-768x1024.jpeg 768w\" sizes=\"(max-width: 1152px) 100vw, 1152px\" \/>\t\t\t\t\t\t\t\t\t\t\t\t\t<\/div>\n\t\t\t\t<\/div>\n\t\t\t\t<div class=\"elementor-element elementor-element-7997d86 elementor-widget elementor-widget-spacer\" data-id=\"7997d86\" data-element_type=\"widget\" data-widget_type=\"spacer.default\">\n\t\t\t\t<div class=\"elementor-widget-container\">\n\t\t\t\t\t<div class=\"elementor-spacer\">\n\t\t\t<div class=\"elementor-spacer-inner\"><\/div>\n\t\t<\/div>\n\t\t\t\t<\/div>\n\t\t\t\t<\/div>\n\t\t\t\t\t<\/div>\n\t\t<\/div>\n\t\t\t\t<div class=\"elementor-column elementor-col-25 elementor-inner-column elementor-element elementor-element-a0eca72\" data-id=\"a0eca72\" data-element_type=\"column\">\n\t\t\t<div class=\"elementor-widget-wrap\">\n\t\t\t\t\t\t\t<\/div>\n\t\t<\/div>\n\t\t\t\t\t<\/div>\n\t\t<\/section>\n\t\t\t\t<div class=\"elementor-element elementor-element-4a84095a elementor-widget elementor-widget-spacer\" data-id=\"4a84095a\" data-element_type=\"widget\" data-widget_type=\"spacer.default\">\n\t\t\t\t<div class=\"elementor-widget-container\">\n\t\t\t\t\t<div class=\"elementor-spacer\">\n\t\t\t<div class=\"elementor-spacer-inner\"><\/div>\n\t\t<\/div>\n\t\t\t\t<\/div>\n\t\t\t\t<\/div>\n\t\t\t\t\t<\/div>\n\t\t<\/div>\n\t\t\t\t\t<\/div>\n\t\t<\/section>\n\t\t\t\t<\/div>\n\t\t","protected":false},"excerpt":{"rendered":"<p>PRESSE Jazz Magazine &#8211; CHOC \/ Oct 2020&lsquo;Looking At Sounds&rsquo; est le premier grand classique ECM des ann\u00e9es 2020.\u00a0\u00bb Jazz Magazine &#8211; CHOC \/ Feb 2016\u00a0\u00bb River Silver&rsquo; refl\u00e8te avec&#8230;<\/p>\n<div class=\"more-link-wrapper\"><a class=\"more-link\" href=\"https:\/\/michelbenita.com\/fr\/presse\/\">Lire la suite<span class=\"screen-reader-text\">PRESSE<\/span><\/a><\/div>\n","protected":false},"author":1,"featured_media":0,"parent":0,"menu_order":0,"comment_status":"closed","ping_status":"closed","template":"elementor_header_footer","meta":{"footnotes":""},"class_list":["post-9","page","type-page","status-publish","hentry","ratio-natural","excerpt"],"_links":{"self":[{"href":"https:\/\/michelbenita.com\/fr\/wp-json\/wp\/v2\/pages\/9"}],"collection":[{"href":"https:\/\/michelbenita.com\/fr\/wp-json\/wp\/v2\/pages"}],"about":[{"href":"https:\/\/michelbenita.com\/fr\/wp-json\/wp\/v2\/types\/page"}],"author":[{"embeddable":true,"href":"https:\/\/michelbenita.com\/fr\/wp-json\/wp\/v2\/users\/1"}],"replies":[{"embeddable":true,"href":"https:\/\/michelbenita.com\/fr\/wp-json\/wp\/v2\/comments?post=9"}],"version-history":[{"count":14,"href":"https:\/\/michelbenita.com\/fr\/wp-json\/wp\/v2\/pages\/9\/revisions"}],"predecessor-version":[{"id":1714,"href":"https:\/\/michelbenita.com\/fr\/wp-json\/wp\/v2\/pages\/9\/revisions\/1714"}],"wp:attachment":[{"href":"https:\/\/michelbenita.com\/fr\/wp-json\/wp\/v2\/media?parent=9"}],"curies":[{"name":"wp","href":"https:\/\/api.w.org\/{rel}","templated":true}]}}